{"id":783,"date":"2018-11-27T02:12:00","date_gmt":"2018-11-27T02:12:00","guid":{"rendered":"https:\/\/web.anuies.mx\/seminario-nacional2018\/?page_id=783"},"modified":"2018-11-28T21:23:12","modified_gmt":"2018-11-28T21:23:12","slug":"presentaciones","status":"publish","type":"page","link":"https:\/\/web.anuies.mx\/seminario-nacional2018\/","title":{"rendered":"Presentaciones"},"content":{"rendered":"<div id=\"pl-783\"  class=\"panel-layout\" ><div id=\"pg-783-0\"  class=\"panel-grid panel-has-style\" ><div class=\"panel-row-style panel-row-style-for-783-0\" ><div id=\"pgc-783-0-0\"  class=\"panel-grid-cell\" ><div id=\"panel-783-0-0-0\" class=\"so-panel widget widget_sow-image panel-first-child panel-last-child\" data-index=\"0\" ><div\n\t\t\t\n\t\t\tclass=\"so-widget-sow-image so-widget-sow-image-default-8b5b6f678277-783\"\n\t\t\t\n\t\t>\n<div class=\"sow-image-container\">\n\t\t\t<a href=\"https:\/\/web.anuies.mx\/seminario-nacional2018\/wp-content\/uploads\/sites\/7\/2018\/11\/CONFERENCIA-DRA.-CARLOTA-GUZMAN.pdf\"\n\t\t\ttarget=\"_blank\" rel=\"noopener noreferrer\" \t\t>\n\t\t\t<img \n\tsrc=\"https:\/\/web.anuies.mx\/seminario-nacional2018\/wp-content\/uploads\/sites\/7\/2018\/11\/pres1.png\" width=\"438\" height=\"252\" srcset=\"https:\/\/web.anuies.mx\/seminario-nacional2018\/wp-content\/uploads\/sites\/7\/2018\/11\/pres1.png 438w, https:\/\/web.anuies.mx\/seminario-nacional2018\/wp-content\/uploads\/sites\/7\/2018\/11\/pres1-300x173.png 300w\" sizes=\"(max-width: 438px) 100vw, 438px\" alt=\"\" \t\tclass=\"so-widget-image\"\/>\n\t\t\t<\/a><\/div>\n\n<\/div><\/div><\/div><div id=\"pgc-783-0-1\"  class=\"panel-grid-cell\" ><div id=\"panel-783-0-1-0\" class=\"so-panel widget widget_sow-editor panel-first-child panel-last-child\" data-index=\"1\" ><div\n\t\t\t\n\t\t\tclass=\"so-widget-sow-editor so-widget-sow-editor-base\"\n\t\t\t\n\t\t>\n<div class=\"siteorigin-widget-tinymce textwidget\">\n\t<p><strong>La formaci\u00f3n docente y las pr\u00e1cticas en el aula en los bachilleratos rurales: a diez a\u00f1os de la RIEMS<\/strong><\/p>\n<p><strong>Dra. Carlota Guzm\u00e1n G\u00f3mez<\/strong><\/p>\n<p>&nbsp;<\/p>\n<\/div>\n<\/div><\/div><\/div><\/div><\/div><div id=\"pg-783-1\"  class=\"panel-grid panel-has-style\" ><div class=\"panel-row-style panel-row-style-for-783-1\" ><div id=\"pgc-783-1-0\"  class=\"panel-grid-cell\" ><div id=\"panel-783-1-0-0\" class=\"so-panel widget widget_sow-image panel-first-child panel-last-child\" data-index=\"2\" ><div\n\t\t\t\n\t\t\tclass=\"so-widget-sow-image so-widget-sow-image-default-8b5b6f678277-783\"\n\t\t\t\n\t\t>\n<div class=\"sow-image-container\">\n\t\t\t<a href=\"https:\/\/web.anuies.mx\/seminario-nacional2018\/wp-content\/uploads\/sites\/7\/2018\/11\/CONFERENCIA-DRA.-SYLVIA-ORTEGA2.pdf\"\n\t\t\ttarget=\"_blank\" rel=\"noopener noreferrer\" \t\t>\n\t\t\t<img \n\tsrc=\"https:\/\/web.anuies.mx\/seminario-nacional2018\/wp-content\/uploads\/sites\/7\/2018\/11\/pres5.png\" width=\"326\" height=\"243\" srcset=\"https:\/\/web.anuies.mx\/seminario-nacional2018\/wp-content\/uploads\/sites\/7\/2018\/11\/pres5.png 326w, https:\/\/web.anuies.mx\/seminario-nacional2018\/wp-content\/uploads\/sites\/7\/2018\/11\/pres5-300x224.png 300w\" sizes=\"(max-width: 326px) 100vw, 326px\" alt=\"\" \t\tclass=\"so-widget-image\"\/>\n\t\t\t<\/a><\/div>\n\n<\/div><\/div><\/div><div id=\"pgc-783-1-1\"  class=\"panel-grid-cell\" ><div id=\"panel-783-1-1-0\" class=\"so-panel widget widget_sow-editor panel-first-child panel-last-child\" data-index=\"3\" ><div\n\t\t\t\n\t\t\tclass=\"so-widget-sow-editor so-widget-sow-editor-base\"\n\t\t\t\n\t\t>\n<div class=\"siteorigin-widget-tinymce textwidget\">\n\t<p><strong>Desarrollo Profesional y Pol\u00edticas Docentes<\/strong><\/p>\n<p><strong>Dra. Sylvia Ortega Salazar<\/strong><\/p>\n<p>&nbsp;<\/p>\n<\/div>\n<\/div><\/div><\/div><\/div><\/div><div id=\"pg-783-2\"  class=\"panel-grid panel-has-style\" ><div class=\"panel-row-style panel-row-style-for-783-2\" ><div id=\"pgc-783-2-0\"  class=\"panel-grid-cell\" ><div id=\"panel-783-2-0-0\" class=\"so-panel widget widget_sow-image panel-first-child panel-last-child\" data-index=\"4\" ><div\n\t\t\t\n\t\t\tclass=\"so-widget-sow-image so-widget-sow-image-default-8b5b6f678277-783\"\n\t\t\t\n\t\t>\n<div class=\"sow-image-container\">\n\t\t\t<a href=\"https:\/\/web.anuies.mx\/seminario-nacional2018\/wp-content\/uploads\/sites\/7\/2018\/11\/MESA-DE-DIALOGO-2-UDEG.pdf\"\n\t\t\ttarget=\"_blank\" rel=\"noopener noreferrer\" \t\t>\n\t\t\t<img \n\tsrc=\"https:\/\/web.anuies.mx\/seminario-nacional2018\/wp-content\/uploads\/sites\/7\/2018\/11\/pres4-1.png\" width=\"434\" height=\"245\" srcset=\"https:\/\/web.anuies.mx\/seminario-nacional2018\/wp-content\/uploads\/sites\/7\/2018\/11\/pres4-1.png 434w, https:\/\/web.anuies.mx\/seminario-nacional2018\/wp-content\/uploads\/sites\/7\/2018\/11\/pres4-1-300x169.png 300w\" sizes=\"(max-width: 434px) 100vw, 434px\" title=\"pres4\" alt=\"\" \t\tclass=\"so-widget-image\"\/>\n\t\t\t<\/a><\/div>\n\n<\/div><\/div><\/div><div id=\"pgc-783-2-1\"  class=\"panel-grid-cell\" ><div id=\"panel-783-2-1-0\" class=\"so-panel widget widget_sow-editor panel-first-child panel-last-child\" data-index=\"5\" ><div\n\t\t\t\n\t\t\tclass=\"so-widget-sow-editor so-widget-sow-editor-base\"\n\t\t\t\n\t\t>\n<div class=\"siteorigin-widget-tinymce textwidget\">\n\t<p><strong>Modelo de Formaci\u00f3n Docente del Sistema de Educaci\u00f3n Media Superior de la Universidad de Guadalajara<\/strong><\/p>\n<p><strong>Dr. V\u00edctor Manuel Rosario<\/strong><\/p>\n<p>&nbsp;<\/p>\n<\/div>\n<\/div><\/div><\/div><\/div><\/div><div id=\"pg-783-3\"  class=\"panel-grid panel-has-style\" ><div class=\"panel-row-style panel-row-style-for-783-3\" ><div id=\"pgc-783-3-0\"  class=\"panel-grid-cell\" ><div id=\"panel-783-3-0-0\" class=\"so-panel widget widget_sow-image panel-first-child panel-last-child\" data-index=\"6\" ><div\n\t\t\t\n\t\t\tclass=\"so-widget-sow-image so-widget-sow-image-default-8b5b6f678277-783\"\n\t\t\t\n\t\t>\n<div class=\"sow-image-container\">\n\t\t\t<a href=\"https:\/\/web.anuies.mx\/seminario-nacional2018\/wp-content\/uploads\/sites\/7\/2018\/11\/MESA-DE-DIALOGO-2-ITESM.pdf\"\n\t\t\ttarget=\"_blank\" rel=\"noopener noreferrer\" \t\t>\n\t\t\t<img \n\tsrc=\"https:\/\/web.anuies.mx\/seminario-nacional2018\/wp-content\/uploads\/sites\/7\/2018\/11\/pres2.png\" width=\"445\" height=\"250\" srcset=\"https:\/\/web.anuies.mx\/seminario-nacional2018\/wp-content\/uploads\/sites\/7\/2018\/11\/pres2.png 445w, https:\/\/web.anuies.mx\/seminario-nacional2018\/wp-content\/uploads\/sites\/7\/2018\/11\/pres2-300x169.png 300w\" sizes=\"(max-width: 445px) 100vw, 445px\" alt=\"\" \t\tclass=\"so-widget-image\"\/>\n\t\t\t<\/a><\/div>\n\n<\/div><\/div><\/div><div id=\"pgc-783-3-1\"  class=\"panel-grid-cell\" ><div id=\"panel-783-3-1-0\" class=\"so-panel widget widget_sow-editor panel-first-child panel-last-child\" data-index=\"7\" ><div\n\t\t\t\n\t\t\tclass=\"so-widget-sow-editor so-widget-sow-editor-base\"\n\t\t\t\n\t\t>\n<div class=\"siteorigin-widget-tinymce textwidget\">\n\t<p><strong>Programa de Desarrollo de Profesores Tec21 Preparatoria<\/strong><\/p>\n<p><strong>Mtro. H\u00e9ctor R\u00edos Quiroz<\/strong><\/p>\n<\/div>\n<\/div><\/div><\/div><\/div><\/div><div id=\"pg-783-4\"  class=\"panel-grid panel-no-style\" ><div id=\"pgc-783-4-0\"  class=\"panel-grid-cell\" ><div id=\"panel-783-4-0-0\" class=\"so-panel widget widget_sow-image panel-first-child panel-last-child\" data-index=\"8\" ><div\n\t\t\t\n\t\t\tclass=\"so-widget-sow-image so-widget-sow-image-default-8b5b6f678277-783\"\n\t\t\t\n\t\t>\n<div class=\"sow-image-container\">\n\t\t\t<a href=\"https:\/\/web.anuies.mx\/seminario-nacional2018\/wp-content\/uploads\/sites\/7\/2018\/11\/MESA-DE-DIALOGO-2-UANL.pdf\"\n\t\t\ttarget=\"_blank\" rel=\"noopener noreferrer\" \t\t>\n\t\t\t<img \n\tsrc=\"https:\/\/web.anuies.mx\/seminario-nacional2018\/wp-content\/uploads\/sites\/7\/2018\/11\/pres3.png\" width=\"435\" height=\"240\" srcset=\"https:\/\/web.anuies.mx\/seminario-nacional2018\/wp-content\/uploads\/sites\/7\/2018\/11\/pres3.png 435w, https:\/\/web.anuies.mx\/seminario-nacional2018\/wp-content\/uploads\/sites\/7\/2018\/11\/pres3-300x166.png 300w\" sizes=\"(max-width: 435px) 100vw, 435px\" alt=\"\" \t\tclass=\"so-widget-image\"\/>\n\t\t\t<\/a><\/div>\n\n<\/div><\/div><\/div><div id=\"pgc-783-4-1\"  class=\"panel-grid-cell\" ><div id=\"panel-783-4-1-0\" class=\"so-panel widget widget_sow-editor panel-first-child panel-last-child\" data-index=\"9\" ><div\n\t\t\t\n\t\t\tclass=\"so-widget-sow-editor so-widget-sow-editor-base\"\n\t\t\t\n\t\t>\n<div class=\"siteorigin-widget-tinymce textwidget\">\n\t<p><strong>Diplomado en Docencia Universitaria para el Nivel Medio Superior. Con base en el Modelo Acad\u00e9mico del Nivel Medio Superior\/Aprobado el 21 de febrero del 2018<\/strong><\/p>\n<p><strong>Dr. Dagoberto Silva<\/strong><\/p>\n<\/div>\n<\/div><\/div><\/div><\/div><\/div>","protected":false},"excerpt":{"rendered":"<p>La formaci\u00f3n docente y las pr\u00e1cticas en el aula en los bachilleratos rurales: a diez a\u00f1os de la RIEMS Dra. Carlota Guzm\u00e1n G\u00f3mez &nbsp; Desarrollo Profesional y Pol\u00edticas Docentes Dra. Sylvia Ortega Salazar &nbsp;<\/p>\n","protected":false},"author":1,"featured_media":0,"parent":0,"menu_order":0,"comment_status":"closed","ping_status":"closed","template":"","meta":{"ngg_post_thumbnail":0,"footnotes":""},"class_list":["post-783","page","type-page","status-publish","hentry"],"_links":{"self":[{"href":"https:\/\/web.anuies.mx\/seminario-nacional2018\/wp-json\/wp\/v2\/pages\/783","targetHints":{"allow":["GET"]}}],"collection":[{"href":"https:\/\/web.anuies.mx\/seminario-nacional2018\/wp-json\/wp\/v2\/pages"}],"about":[{"href":"https:\/\/web.anuies.mx\/seminario-nacional2018\/wp-json\/wp\/v2\/types\/page"}],"author":[{"embeddable":true,"href":"https:\/\/web.anuies.mx\/seminario-nacional2018\/wp-json\/wp\/v2\/users\/1"}],"replies":[{"embeddable":true,"href":"https:\/\/web.anuies.mx\/seminario-nacional2018\/wp-json\/wp\/v2\/comments?post=783"}],"version-history":[{"count":45,"href":"https:\/\/web.anuies.mx\/seminario-nacional2018\/wp-json\/wp\/v2\/pages\/783\/revisions"}],"predecessor-version":[{"id":842,"href":"https:\/\/web.anuies.mx\/seminario-nacional2018\/wp-json\/wp\/v2\/pages\/783\/revisions\/842"}],"wp:attachment":[{"href":"https:\/\/web.anuies.mx\/seminario-nacional2018\/wp-json\/wp\/v2\/media?parent=783"}],"curies":[{"name":"wp","href":"https:\/\/api.w.org\/{rel}","templated":true}]}}