{"id":338,"date":"2024-06-06T12:34:32","date_gmt":"2024-06-06T18:34:32","guid":{"rendered":"https:\/\/web.anuies.mx\/logo75aniversario\/?page_id=338"},"modified":"2024-06-18T14:22:41","modified_gmt":"2024-06-18T20:22:41","slug":"objetivo","status":"publish","type":"page","link":"https:\/\/web.anuies.mx\/logo75aniversario\/objetivo\/","title":{"rendered":""},"content":{"rendered":"<p style=\"text-align: justify;\"><span style=\"font-size: 20px;\">Con el prop\u00f3sito de generar la imagen que d\u00e9 identidad a los festejos que se realizar\u00e1n con motivo de los 75 a\u00f1os de la fundaci\u00f3n de la Asociaci\u00f3n Nacional de Universidades e Instituciones de Educaci\u00f3n Superior (ANUIES), su Secretar\u00eda General Ejecutiva convoca a la comunidad de las Instituciones de Educaci\u00f3n Superior afiliadas a participar en la creaci\u00f3n del logotipo bajo los siguientes:<\/span><\/p>\n<p style=\"text-align: center;\"><span style=\"font-size: 24px;\"><strong>T\u00c9RMINOS<\/strong><\/span><\/p>\n<p style=\"text-align: left;\"><span style=\"font-size: 20px;\"><strong>\u00a0<\/strong><strong>Participantes:<\/strong><\/span><\/p>\n<ul style=\"text-align: left;\">\n<li><span style=\"font-size: 20px;\">Podr\u00e1 participar cualquier integrante de la comunidad de las 216 instituciones afiliadas a la ANUIES.<\/span><\/li>\n<li><span style=\"font-size: 20px;\">Las propuestas podr\u00e1n presentarse de forma individual o colectiva.<\/span><\/li>\n<li><span style=\"font-size: 20px;\">S\u00f3lo se recibir\u00e1 una propuesta por participante o equipo.<\/span><\/li>\n<li><span style=\"font-size: 20px;\">Se podr\u00e1 presentar m\u00e1s de una propuesta de la misma instituci\u00f3n educativa.<\/span><\/li>\n<\/ul>\n<p style=\"text-align: left;\"><span style=\"font-size: 20px;\"><strong>Dise\u00f1o de logotipo:<\/strong><\/span><\/p>\n<ul style=\"text-align: left;\">\n<li><span style=\"font-size: 20px;\">Las propuestas deber\u00e1n ser originales, in\u00e9ditas y no haber sido presentadas en otro concurso ni contar con registro de propiedad intelectual.<\/span><\/li>\n<li><span style=\"font-size: 20px;\">Los elementos que integren el logotipo deben representar:<\/span>\n<ul>\n<li><span style=\"font-size: 20px;\">La ANUIES<\/span><\/li>\n<li><span style=\"font-size: 20px;\">El 75 aniversario de la creaci\u00f3n de la ANUIES<\/span><\/li>\n<li><span style=\"font-size: 20px;\">La educaci\u00f3n superior en M\u00e9xico<\/span><\/li>\n<\/ul>\n<\/li>\n<li><span style=\"font-size: 20px;\">El logotipo debe acompa\u00f1arse del siguiente lema: <em>Construimos un futuro con inclusi\u00f3n e igualdad para la educaci\u00f3n superior.<\/em><\/span><\/li>\n<li><span style=\"font-size: 20px;\">El logotipo deber\u00e1 presentarse en una medida de 15 centimetros.<\/span><\/li>\n<\/ul>\n<p style=\"text-align: justify;\"><span style=\"font-size: 20px;\">Para la construcci\u00f3n de la propuesta, las personas participantes podr\u00e1n consultar en la <strong><a href=\"http:\/\/www.anuies.mx\/anuies\/acerca-de-la-anuies\">p\u00e1gina oficial de la ANUIES<\/a><\/strong> informaci\u00f3n sobre la misi\u00f3n, visi\u00f3n, objetivos estrat\u00e9gicos, historia y aportaciones de la Asociaci\u00f3n a la educaci\u00f3n superior para contar con m\u00e1s elementos para su dise\u00f1o.<\/span><\/p>\n<div class=\"siteorigin-widget-tinymce textwidget\">\n<p style=\"text-align: left;\"><img loading=\"lazy\" decoding=\"async\" class=\"aligncenter wp-image-413 size-full\" src=\"https:\/\/web.anuies.mx\/logo75aniversario\/wp-content\/uploads\/sites\/56\/2024\/06\/IMAGEN-OBJETIVO.png\" alt=\"\" width=\"603\" height=\"543\" srcset=\"https:\/\/web.anuies.mx\/logo75aniversario\/wp-content\/uploads\/sites\/56\/2024\/06\/IMAGEN-OBJETIVO.png 603w, https:\/\/web.anuies.mx\/logo75aniversario\/wp-content\/uploads\/sites\/56\/2024\/06\/IMAGEN-OBJETIVO-300x270.png 300w\" sizes=\"auto, (max-width: 603px) 100vw, 603px\" \/><\/p>\n<\/div>\n","protected":false},"excerpt":{"rendered":"<p>Con el prop\u00f3sito de generar la imagen que d\u00e9 identidad a los festejos que se realizar\u00e1n con motivo de los 75 a\u00f1os de la fundaci\u00f3n de la Asociaci\u00f3n Nacional de Universidades e Instituciones de Educaci\u00f3n Superior (ANUIES), su Secretar\u00eda General Ejecutiva convoca a la comunidad de las Instituciones de Educaci\u00f3n Superior afiliadas a participar en [&hellip;]<\/p>\n","protected":false},"author":1,"featured_media":0,"parent":0,"menu_order":0,"comment_status":"closed","ping_status":"closed","template":"","meta":{"footnotes":""},"class_list":["post-338","page","type-page","status-publish","hentry"],"_links":{"self":[{"href":"https:\/\/web.anuies.mx\/logo75aniversario\/wp-json\/wp\/v2\/pages\/338","targetHints":{"allow":["GET"]}}],"collection":[{"href":"https:\/\/web.anuies.mx\/logo75aniversario\/wp-json\/wp\/v2\/pages"}],"about":[{"href":"https:\/\/web.anuies.mx\/logo75aniversario\/wp-json\/wp\/v2\/types\/page"}],"author":[{"embeddable":true,"href":"https:\/\/web.anuies.mx\/logo75aniversario\/wp-json\/wp\/v2\/users\/1"}],"replies":[{"embeddable":true,"href":"https:\/\/web.anuies.mx\/logo75aniversario\/wp-json\/wp\/v2\/comments?post=338"}],"version-history":[{"count":25,"href":"https:\/\/web.anuies.mx\/logo75aniversario\/wp-json\/wp\/v2\/pages\/338\/revisions"}],"predecessor-version":[{"id":609,"href":"https:\/\/web.anuies.mx\/logo75aniversario\/wp-json\/wp\/v2\/pages\/338\/revisions\/609"}],"wp:attachment":[{"href":"https:\/\/web.anuies.mx\/logo75aniversario\/wp-json\/wp\/v2\/media?parent=338"}],"curies":[{"name":"wp","href":"https:\/\/api.w.org\/{rel}","templated":true}]}}