{"id":2,"date":"2023-06-23T01:28:46","date_gmt":"2023-06-23T01:28:46","guid":{"rendered":"https:\/\/web.anuies.mx\/libro-responsabilidad-social\/?page_id=2"},"modified":"2023-07-06T14:36:48","modified_gmt":"2023-07-06T14:36:48","slug":"pagina-ejemplo","status":"publish","type":"page","link":"https:\/\/web.anuies.mx\/libro-responsabilidad-social\/","title":{"rendered":""},"content":{"rendered":"<div id=\"pl-2\"  class=\"panel-layout\" ><div id=\"pg-2-0\"  class=\"panel-grid panel-has-style\" ><div class=\"siteorigin-panels-stretch panel-row-style panel-row-style-for-2-0\" style=\"padding: 0px 0; \" data-stretch-type=\"full-stretched\" data-overlay=\"true\" data-overlay-color=\"#000000\" ><div id=\"pgc-2-0-0\"  class=\"panel-grid-cell\" ><div id=\"panel-2-0-0-0\" class=\"so-panel widget widget_sow-editor panel-first-child panel-last-child\" data-index=\"0\" ><div style=\"text-align: left;\" data-title-color=\"#443f3f\" data-headings-color=\"#443f3f\" class=\"panel-widget-style panel-widget-style-for-2-0-0-0\" ><div\n\t\t\t\n\t\t\tclass=\"so-widget-sow-editor so-widget-sow-editor-base\"\n\t\t\t\n\t\t>\n<div class=\"siteorigin-widget-tinymce textwidget\">\n\t<p><a href=\"https:\/\/web.anuies.mx\/geolocalizacion\/descarga.php\"><img loading=\"lazy\" decoding=\"async\" class=\"wp-image-176 size-large aligncenter\" src=\"https:\/\/web.anuies.mx\/libro-responsabilidad-social\/wp-content\/uploads\/sites\/42\/2023\/06\/1688003627-1024x785.png\" alt=\"\" width=\"1024\" height=\"785\" srcset=\"https:\/\/web.anuies.mx\/libro-responsabilidad-social\/wp-content\/uploads\/sites\/42\/2023\/06\/1688003627-1024x785.png 1024w, https:\/\/web.anuies.mx\/libro-responsabilidad-social\/wp-content\/uploads\/sites\/42\/2023\/06\/1688003627-300x230.png 300w, https:\/\/web.anuies.mx\/libro-responsabilidad-social\/wp-content\/uploads\/sites\/42\/2023\/06\/1688003627-768x589.png 768w, https:\/\/web.anuies.mx\/libro-responsabilidad-social\/wp-content\/uploads\/sites\/42\/2023\/06\/1688003627-1000x767.png 1000w, https:\/\/web.anuies.mx\/libro-responsabilidad-social\/wp-content\/uploads\/sites\/42\/2023\/06\/1688003627-230x176.png 230w, https:\/\/web.anuies.mx\/libro-responsabilidad-social\/wp-content\/uploads\/sites\/42\/2023\/06\/1688003627-350x268.png 350w, https:\/\/web.anuies.mx\/libro-responsabilidad-social\/wp-content\/uploads\/sites\/42\/2023\/06\/1688003627-480x368.png 480w, https:\/\/web.anuies.mx\/libro-responsabilidad-social\/wp-content\/uploads\/sites\/42\/2023\/06\/1688003627.png 1500w\" sizes=\"auto, (max-width: 1024px) 100vw, 1024px\" \/><\/a><\/p>\n<\/div>\n<\/div><\/div><\/div><\/div><div id=\"pgc-2-0-1\"  class=\"panel-grid-cell\" ><div id=\"panel-2-0-1-0\" class=\"so-panel widget widget_sow-editor panel-first-child panel-last-child\" data-index=\"1\" ><div style=\"text-align: left;\" data-title-color=\"#443f3f\" data-headings-color=\"#443f3f\" class=\"panel-widget-style panel-widget-style-for-2-0-1-0\" ><div\n\t\t\t\n\t\t\tclass=\"so-widget-sow-editor so-widget-sow-editor-base\"\n\t\t\t\n\t\t>\n<div class=\"siteorigin-widget-tinymce textwidget\">\n\t<ul>\n<li style=\"text-align: justify;\"><span style=\"font-size: 18pt;\"><strong>Salvaguardar la salud de las comunidades acad\u00e9micas y de la <\/strong><\/span><span style=\"font-size: 18pt;\"><strong>sociedad en general.<\/strong><\/span><\/li>\n<li style=\"text-align: justify;\"><span style=\"font-size: 18pt;\"><strong>Asegurar la continuidad de sus servicios acad\u00e9micos.<\/strong><\/span><\/li>\n<li style=\"text-align: justify;\"><span style=\"font-size: 18pt;\"><strong>Poner a disposici\u00f3n de la sociedad las capacidades cient\u00edficas y t\u00e9cnicas, y en caso necesario, la infraestructura y equipamiento <\/strong><\/span><span style=\"font-size: 18pt;\"><strong>para atender los efectos de este fen\u00f3meno epidemiol\u00f3gico.<\/strong><\/span><\/li>\n<\/ul>\n<hr \/>\n<p style=\"text-align: center;\"><span style=\"font-size: 18pt;\"><strong>Descarga el documento completo en formato PDF<\/strong><\/span><\/p>\n<p style=\"text-align: center;\"><a class=\"fasc-button fasc-size-xlarge fasc-type-flat fasc-rounded-medium fasc-ico-before dashicons-format-aside\" style=\"background-color: #691931; color: #ffffff;\" href=\"https:\/\/web.anuies.mx\/descarga-libro-responsabilidad\/descarga.php\">Descargar<\/a><\/p>\n<\/div>\n<\/div><\/div><\/div><\/div><div id=\"pgc-2-0-2\"  class=\"panel-grid-cell panel-grid-cell-mobile-last\" ><div id=\"panel-2-0-2-0\" class=\"so-panel widget widget_sow-editor panel-first-child panel-last-child\" data-index=\"2\" ><div style=\"text-align: left;\" data-title-color=\"#443f3f\" data-headings-color=\"#443f3f\" class=\"panel-widget-style panel-widget-style-for-2-0-2-0\" ><div\n\t\t\t\n\t\t\tclass=\"so-widget-sow-editor so-widget-sow-editor-base\"\n\t\t\t\n\t\t>\n<div class=\"siteorigin-widget-tinymce textwidget\">\n\t<p style=\"text-align: center;\"><span style=\"font-size: 14pt;\">Despu\u00e9s de haber descargado y revisado el documento, agradeceremos su opini\u00f3n.<\/span><\/p>\n\n                <div class='gf_browser_gecko gform_wrapper gform_legacy_markup_wrapper' id='gform_wrapper_1' ><div id='gf_1' class='gform_anchor' tabindex='-1'><\/div><form method='post' enctype='multipart\/form-data' target='gform_ajax_frame_1' id='gform_1'  action='\/libro-responsabilidad-social\/wp-json\/wp\/v2\/pages\/2#gf_1' novalidate>\n                        <div class='gform_body gform-body'><ul id='gform_fields_1' class='gform_fields top_label form_sublabel_below description_below'><li id=\"field_1_4\" class=\"gfield gf_list_inline gfield_contains_required field_sublabel_below field_description_below gfield_visibility_visible\" ><label class='gfield_label'  >Por favor valore el contenido del documento:<span class=\"gfield_required\"><span class=\"gfield_required gfield_required_asterisk\">*<\/span><\/span><\/label><div class='ginput_container ginput_container_radio'><ul class='gfield_radio' id='input_1_4'>\n\t\t\t<li class='gchoice gchoice_1_4_0'>\n\t\t\t\t<input name='input_4' type='radio' value='Malo'  id='choice_1_4_0'    \/>\n\t\t\t\t<label for='choice_1_4_0' id='label_1_4_0'>Malo<\/label>\n\t\t\t<\/li>\n\t\t\t<li class='gchoice gchoice_1_4_1'>\n\t\t\t\t<input name='input_4' type='radio' value='Regular'  id='choice_1_4_1'    \/>\n\t\t\t\t<label for='choice_1_4_1' id='label_1_4_1'>Regular<\/label>\n\t\t\t<\/li>\n\t\t\t<li class='gchoice gchoice_1_4_2'>\n\t\t\t\t<input name='input_4' type='radio' value='Bueno'  id='choice_1_4_2'    \/>\n\t\t\t\t<label for='choice_1_4_2' id='label_1_4_2'>Bueno<\/label>\n\t\t\t<\/li>\n\t\t\t<li class='gchoice gchoice_1_4_3'>\n\t\t\t\t<input name='input_4' type='radio' value='Muy bueno'  id='choice_1_4_3'    \/>\n\t\t\t\t<label for='choice_1_4_3' id='label_1_4_3'>Muy bueno<\/label>\n\t\t\t<\/li><\/ul><\/div><\/li><li id=\"field_1_2\" class=\"gfield gfield_contains_required field_sublabel_below field_description_below gfield_visibility_visible\" ><label class='gfield_label' for='input_1_2' >Comentario<span class=\"gfield_required\"><span class=\"gfield_required gfield_required_asterisk\">*<\/span><\/span><\/label><div class='ginput_container ginput_container_textarea'><textarea name='input_2' id='input_1_2' class='textarea small'     aria-required=\"true\" aria-invalid=\"false\"   rows='10' cols='50'><\/textarea><\/div><\/li><li id=\"field_1_3\" class=\"gfield field_sublabel_below field_description_below gfield_visibility_visible\" ><label class='gfield_label screen-reader-text' for='input_1_3' ><\/label><div id='input_1_3' class='ginput_container ginput_recaptcha' data-sitekey='6LfhZd8mAAAAANMCge5sCvS4KdjZUcaP-TeiBgel'  data-theme='light' data-tabindex='0'  data-badge=''><\/div><\/li><\/ul><\/div>\n        <div class='gform_footer top_label'> <input type='submit' id='gform_submit_button_1' class='gform_button button' value='Enviar'  onclick='if(window[\"gf_submitting_1\"]){return false;}  if( !jQuery(\"#gform_1\")[0].checkValidity || jQuery(\"#gform_1\")[0].checkValidity()){window[\"gf_submitting_1\"]=true;}  ' onkeypress='if( event.keyCode == 13 ){ if(window[\"gf_submitting_1\"]){return false;} if( !jQuery(\"#gform_1\")[0].checkValidity || jQuery(\"#gform_1\")[0].checkValidity()){window[\"gf_submitting_1\"]=true;}  jQuery(\"#gform_1\").trigger(\"submit\",[true]); }' \/> <input type='hidden' name='gform_ajax' value='form_id=1&amp;title=&amp;description=&amp;tabindex=0' \/>\n            <input type='hidden' class='gform_hidden' name='is_submit_1' value='1' \/>\n            <input type='hidden' class='gform_hidden' name='gform_submit' value='1' \/>\n            \n            <input type='hidden' class='gform_hidden' name='gform_unique_id' value='' \/>\n            <input type='hidden' class='gform_hidden' name='state_1' value='WyJbXSIsImY0NjUzYWQ4NzUzYjgxYzE0NWY4ODBkYmI0OTMxN2Q1Il0=' \/>\n            <input type='hidden' class='gform_hidden' name='gform_target_page_number_1' id='gform_target_page_number_1' value='0' \/>\n            <input type='hidden' class='gform_hidden' name='gform_source_page_number_1' id='gform_source_page_number_1' value='1' \/>\n            <input type='hidden' name='gform_field_values' value='' \/>\n            \n        <\/div>\n                        <\/form>\n                        <\/div>\n                <iframe style='display:none;width:0px;height:0px;' src='about:blank' name='gform_ajax_frame_1' id='gform_ajax_frame_1' title='This iframe contains the logic required to handle Ajax powered Gravity Forms.'><\/iframe>\n                <script type='text\/javascript'>document.addEventListener( 'DOMContentLoaded', function($){gformInitSpinner( 1, 'https:\/\/web.anuies.mx\/libro-responsabilidad-social\/wp-content\/plugins\/gravityforms\/images\/spinner.svg' );jQuery('#gform_ajax_frame_1').on('load',function(){var contents = jQuery(this).contents().find('*').html();var is_postback = contents.indexOf('GF_AJAX_POSTBACK') >= 0;if(!is_postback){return;}var form_content = jQuery(this).contents().find('#gform_wrapper_1');var is_confirmation = jQuery(this).contents().find('#gform_confirmation_wrapper_1').length > 0;var is_redirect = contents.indexOf('gformRedirect(){') >= 0;var is_form = form_content.length > 0 && ! is_redirect && ! is_confirmation;var mt = parseInt(jQuery('html').css('margin-top'), 10) + parseInt(jQuery('body').css('margin-top'), 10) + 100;if(is_form){jQuery('#gform_wrapper_1').html(form_content.html());if(form_content.hasClass('gform_validation_error')){jQuery('#gform_wrapper_1').addClass('gform_validation_error');} else {jQuery('#gform_wrapper_1').removeClass('gform_validation_error');}setTimeout( function() { \/* delay the scroll by 50 milliseconds to fix a bug in chrome *\/ jQuery(document).scrollTop(jQuery('#gform_wrapper_1').offset().top - mt); }, 50 );if(window['gformInitDatepicker']) {gformInitDatepicker();}if(window['gformInitPriceFields']) {gformInitPriceFields();}var current_page = jQuery('#gform_source_page_number_1').val();gformInitSpinner( 1, 'https:\/\/web.anuies.mx\/libro-responsabilidad-social\/wp-content\/plugins\/gravityforms\/images\/spinner.svg' );jQuery(document).trigger('gform_page_loaded', [1, current_page]);window['gf_submitting_1'] = false;}else if(!is_redirect){var confirmation_content = jQuery(this).contents().find('.GF_AJAX_POSTBACK').html();if(!confirmation_content){confirmation_content = contents;}setTimeout(function(){jQuery('#gform_wrapper_1').replaceWith(confirmation_content);jQuery(document).scrollTop(jQuery('#gf_1').offset().top - mt);jQuery(document).trigger('gform_confirmation_loaded', [1]);window['gf_submitting_1'] = false;wp.a11y.speak(jQuery('#gform_confirmation_message_1').text());}, 50);}else{jQuery('#gform_1').append(contents);if(window['gformRedirect']) {gformRedirect();}}jQuery(document).trigger('gform_post_render', [1, current_page]);} );} );<\/script>\n<p>&nbsp;<\/p>\n<\/div>\n<\/div><\/div><\/div><\/div><div id=\"pgc-2-0-3\"  class=\"panel-grid-cell panel-grid-cell-empty\" ><\/div><\/div><\/div><\/div>","protected":false},"excerpt":{"rendered":"<p>Salvaguardar la salud de las comunidades acad\u00e9micas y de la sociedad en general. Asegurar la continuidad de sus servicios acad\u00e9micos. Poner a [&hellip;]<\/p>\n","protected":false},"author":60,"featured_media":0,"parent":0,"menu_order":0,"comment_status":"closed","ping_status":"open","template":"","meta":{"footnotes":""},"class_list":["post-2","page","type-page","status-publish","hentry"],"_links":{"self":[{"href":"https:\/\/web.anuies.mx\/libro-responsabilidad-social\/wp-json\/wp\/v2\/pages\/2","targetHints":{"allow":["GET"]}}],"collection":[{"href":"https:\/\/web.anuies.mx\/libro-responsabilidad-social\/wp-json\/wp\/v2\/pages"}],"about":[{"href":"https:\/\/web.anuies.mx\/libro-responsabilidad-social\/wp-json\/wp\/v2\/types\/page"}],"author":[{"embeddable":true,"href":"https:\/\/web.anuies.mx\/libro-responsabilidad-social\/wp-json\/wp\/v2\/users\/60"}],"replies":[{"embeddable":true,"href":"https:\/\/web.anuies.mx\/libro-responsabilidad-social\/wp-json\/wp\/v2\/comments?post=2"}],"version-history":[{"count":49,"href":"https:\/\/web.anuies.mx\/libro-responsabilidad-social\/wp-json\/wp\/v2\/pages\/2\/revisions"}],"predecessor-version":[{"id":235,"href":"https:\/\/web.anuies.mx\/libro-responsabilidad-social\/wp-json\/wp\/v2\/pages\/2\/revisions\/235"}],"wp:attachment":[{"href":"https:\/\/web.anuies.mx\/libro-responsabilidad-social\/wp-json\/wp\/v2\/media?parent=2"}],"curies":[{"name":"wp","href":"https:\/\/api.w.org\/{rel}","templated":true}]}}