{"id":2321,"date":"2024-09-19T05:30:35","date_gmt":"2024-09-19T05:30:35","guid":{"rendered":"https:\/\/web.anuies.mx\/eventos\/?page_id=2321"},"modified":"2024-09-19T05:31:49","modified_gmt":"2024-09-19T05:31:49","slug":"inicio2","status":"publish","type":"page","link":"https:\/\/web.anuies.mx\/eventos\/inicio2\/","title":{"rendered":"Inicio2"},"content":{"rendered":"<div style=\"text-align: justify;\">Agradecemos mucho su participaci\u00f3n, conforme a la Convocatoria se enlistan a continuaci\u00f3n los equipos finalistas del Concurso:<\/div>\n<div style=\"text-align: justify;\">\n<ul>\n<li>Amatista Segura del Instituto Tecnol\u00f3gico de Zacatepec<\/li>\n<li>Mi Zona Segura del Instituto Tecnol\u00f3gico Superior de La Sierra Norte de Puebla<\/li>\n<li>\n<div>Tulixtech un sistema de alerta para disminuir la violencia contra la mujer en las IES del Tecnol\u00f3gico de Estudios Superiores de Chimalhuac\u00e1n<\/div>\n<\/li>\n<\/ul>\n<\/div>\n<div style=\"text-align: justify;\">&nbsp;<\/div>\n<div>\n<div style=\"text-align: justify;\">El orden de aparici\u00f3n que se indica es por orden alfab\u00e9tico, sin que esto signifique el puntaje obtenido, ya que esto se indicar\u00e1 en la Ceremonia de Premiaci\u00f3n.<\/div>\n<div style=\"text-align: justify;\">El Comit\u00e9 Organizador se encuentra realizando los comunicados formales y en breve ser\u00e1n remitidos a los correos registrados.<\/div>\n<div style=\"text-align: justify;\">Para mayor informaci\u00f3n, podr\u00e1 contactarse a los correos electr\u00f3nicos:&nbsp;<a href=\"mailto:vinculacion@anuies.mx\" target=\"_blank\" rel=\"noopener\">vinculacion@anuies.mx<\/a>&nbsp;o&nbsp;<a href=\"mailto:diana.santiago@anuies.mx\" target=\"_blank\" rel=\"noopener\"><span class=\"il\">diana.santiago@anuies.mx<\/span><\/a><\/div>\n<\/div>\n","protected":false},"excerpt":{"rendered":"<p>Agradecemos mucho su participaci\u00f3n, conforme a la Convocatoria se enlistan a continuaci\u00f3n los equipos finalistas del Concurso: Amatista Segura del Instituto Tecnol\u00f3gico [&hellip;]<\/p>\n","protected":false},"author":1,"featured_media":0,"parent":0,"menu_order":0,"comment_status":"closed","ping_status":"closed","template":"","meta":{"ngg_post_thumbnail":0,"footnotes":""},"class_list":["post-2321","page","type-page","status-publish","hentry"],"_links":{"self":[{"href":"https:\/\/web.anuies.mx\/eventos\/wp-json\/wp\/v2\/pages\/2321","targetHints":{"allow":["GET"]}}],"collection":[{"href":"https:\/\/web.anuies.mx\/eventos\/wp-json\/wp\/v2\/pages"}],"about":[{"href":"https:\/\/web.anuies.mx\/eventos\/wp-json\/wp\/v2\/types\/page"}],"author":[{"embeddable":true,"href":"https:\/\/web.anuies.mx\/eventos\/wp-json\/wp\/v2\/users\/1"}],"replies":[{"embeddable":true,"href":"https:\/\/web.anuies.mx\/eventos\/wp-json\/wp\/v2\/comments?post=2321"}],"version-history":[{"count":3,"href":"https:\/\/web.anuies.mx\/eventos\/wp-json\/wp\/v2\/pages\/2321\/revisions"}],"predecessor-version":[{"id":2325,"href":"https:\/\/web.anuies.mx\/eventos\/wp-json\/wp\/v2\/pages\/2321\/revisions\/2325"}],"wp:attachment":[{"href":"https:\/\/web.anuies.mx\/eventos\/wp-json\/wp\/v2\/media?parent=2321"}],"curies":[{"name":"wp","href":"https:\/\/api.w.org\/{rel}","templated":true}]}}