{"id":2,"date":"2023-01-12T18:54:35","date_gmt":"2023-01-12T18:54:35","guid":{"rendered":"https:\/\/web.anuies.mx\/convocatorias\/?page_id=2"},"modified":"2024-01-18T10:05:54","modified_gmt":"2024-01-18T15:05:54","slug":"publicaciones","status":"publish","type":"page","link":"https:\/\/web.anuies.mx\/convocatorias\/","title":{"rendered":"CONVOCATORIA ABIERTA PARA PUBLICAR"},"content":{"rendered":"<div id=\"pl-2\"  class=\"panel-layout\" ><div id=\"pg-2-0\"  class=\"panel-grid panel-no-style\" ><div id=\"pgc-2-0-0\"  class=\"panel-grid-cell\" ><div id=\"panel-2-0-0-0\" class=\"so-panel widget widget_sow-editor panel-first-child panel-last-child\" data-index=\"0\" ><div\n\t\t\t\n\t\t\tclass=\"so-widget-sow-editor so-widget-sow-editor-base\"\n\t\t\t\n\t\t>\n<div class=\"siteorigin-widget-tinymce textwidget\">\n\t<p><img loading=\"lazy\" decoding=\"async\" class=\"alignnone wp-image-42 size-full\" src=\"https:\/\/web.anuies.mx\/convocatorias\/wp-content\/uploads\/sites\/36\/2023\/01\/logo-anuies.png\" alt=\"\" width=\"602\" height=\"143\" srcset=\"https:\/\/web.anuies.mx\/convocatorias\/wp-content\/uploads\/sites\/36\/2023\/01\/logo-anuies.png 602w, https:\/\/web.anuies.mx\/convocatorias\/wp-content\/uploads\/sites\/36\/2023\/01\/logo-anuies-300x71.png 300w\" sizes=\"auto, (max-width: 602px) 100vw, 602px\" \/><\/p>\n<\/div>\n<\/div><\/div><\/div><\/div><div id=\"pg-2-1\"  class=\"panel-grid panel-no-style\" ><div id=\"pgc-2-1-0\"  class=\"panel-grid-cell\" ><div id=\"panel-2-1-0-0\" class=\"so-panel widget widget_sow-editor panel-first-child panel-last-child\" data-index=\"1\" ><div\n\t\t\t\n\t\t\tclass=\"so-widget-sow-editor so-widget-sow-editor-base\"\n\t\t\t\n\t\t>\n<div class=\"siteorigin-widget-tinymce textwidget\">\n\t<p><!-- wp:paragraph --><\/p>\n<p style=\"text-align: justify;\">La Asociaci\u00f3n Nacional de Universidades e Instituciones de Educaci\u00f3n Superior (<strong>ANUIES<\/strong>) a trav\u00e9s del Consejo Editorial de la Colecci\u00f3n Editorial Interuniversitaria Mexicana convoca a presentar propuestas para publicaci\u00f3n de libros referentes a disciplinas en Ciencias Sociales y Humanidades bajo el sello editorial de la ANUIES para el a\u00f1o 2024.<\/p>\n<p style=\"text-align: justify;\">Podr\u00e1n presentar propuestas de obras para su publicaci\u00f3n los autores que pertenezcan a las Instituciones de Educaci\u00f3n Superior, adheridas a la Colecci\u00f3n Editorial Interuniversitaria Mexicana, y que est\u00e9n interesados en que sus obras sean publicadas por la ANUIES dentro de esta colecci\u00f3n.<\/p>\n<p style=\"text-align: justify;\">Los autores deber\u00e1n regirse por los tiempos marcados en la presente convocatoria.<\/p>\n<p style=\"text-align: justify;\">Las propuestas deber\u00e1n ingresarse mediante el formulario dispuesto.<\/p>\n<p style=\"text-align: justify;\">El Consejo Editorial determinar\u00e1 si las obras, seg\u00fan su tem\u00e1tica, son pertinentes de pasar a dictamen doble ciego por pares acad\u00e9micos.<\/p>\n<p style=\"text-align: justify;\">Todos los autores deber\u00e1n ce\u00f1irse a los lineamientos y procedimientos del Consejo Editorial de la Colecci\u00f3n Editorial Interuniversitaria Mexicana.<strong>\u00a0<\/strong><\/p>\n<p style=\"text-align: justify;\">La convocatoria permanecer\u00e1 abierta durante el periodo de tres meses a partir del d\u00eda 1 de enero y hasta el 31 de marzo de 2024<\/p>\n<p style=\"text-align: justify;\">Proponer un manuscrito elaborado en una extensi\u00f3n de m\u00ednima de 80 cuartillas y m\u00e1xima de 300 cuartillas con interlineado de 1.5 y tipograf\u00eda Times New Roman de 12 puntos. Si la propuesta es de divulgaci\u00f3n, puede tener una estructura libre; si es resultado de una investigaci\u00f3n, se recomienda adecuarla a formato de libro.<\/p>\n<p style=\"text-align: justify;\">La publicaci\u00f3n estar\u00e1 sujeta estrictamente al proceso de evaluaci\u00f3n de pares acad\u00e9micos con resultado aprobatorio.<\/p>\n<p style=\"text-align: justify;\">El autor o autores recibir\u00e1n un correo electr\u00f3nico de acuerdo con la informaci\u00f3n aportada durante los pr\u00f3ximos 30 d\u00edas h\u00e1biles, donde el Consejo Editorial de la Colecci\u00f3n informar\u00e1 si es viable o no la dictaminaci\u00f3n por pares, resoluci\u00f3n que ser\u00e1 transmitida al autor.<\/p>\n<p style=\"text-align: justify;\">Posterior a una dictaminaci\u00f3n favorable, con la aceptaci\u00f3n del Consejo Editorial, la obra ingresar\u00e1 a una fase de edici\u00f3n. Si es aprobada la publicaci\u00f3n, s\u00f3lo se aceptar\u00e1n aquellos cambios que soliciten los pares evaluadores a los autores.<\/p>\n<p style=\"text-align: justify;\">Una vez ejecutados los cambios requeridos de acuerdo al tipo y condiciones del escrito, se proceder\u00e1 a la autorizaci\u00f3n de los autores mediante la firma de un contrato de edici\u00f3n, la maquetaci\u00f3n y la publicaci\u00f3n en formato electr\u00f3nico para acceso abierto al p\u00fablico interesado o impreso en coedici\u00f3n con la instituci\u00f3n de adscripci\u00f3n del autor o coordinador de la obra. Durante el transcurso se tendr\u00e1 comunicaci\u00f3n activa con cada una de las \u00e1reas que integran dicho proceso, adem\u00e1s, se informar\u00e1n los datos de contacto del editor y personal asignado en el respectivo manuscrito a publicar.<\/p>\n<p style=\"text-align: justify;\">El tiempo de publicaci\u00f3n depender\u00e1 del tipo de manuscrito, una vez dado el aval para realizar el proceso.<\/p>\n<p><!-- \/wp:paragraph --><\/p>\n<\/div>\n<\/div><\/div><\/div><div id=\"pgc-2-1-1\"  class=\"panel-grid-cell\" ><div id=\"panel-2-1-1-0\" class=\"so-panel widget widget_sow-editor panel-first-child\" data-index=\"2\" ><div\n\t\t\t\n\t\t\tclass=\"so-widget-sow-editor so-widget-sow-editor-base\"\n\t\t\t\n\t\t><h3 class=\"widget-title\">Enlaces<\/h3>\n<div class=\"siteorigin-widget-tinymce textwidget\">\n\t<p style=\"text-align: center;\"><a class=\"fasc-button fasc-size-large fasc-type-flat fasc-rounded-medium fasc-ico-before dashicons-welcome-write-blog\" style=\"background-color: #691931; color: #ffffff;\" href=\"https:\/\/web.anuies.mx\/convocatorias\/formulario-de-postulacion-de-libro\/\">Formulario de postulaci\u00f3n<\/a><\/p>\n<p style=\"text-align: center;\"><a class=\"fasc-button fasc-size-large fasc-type-flat fasc-rounded-medium fasc-ico-before dashicons-admin-users\" style=\"background-color: #784968; color: #ffffff;\" target=\"_blank\" href=\"https:\/\/web.anuies.mx\/convocatorias\/wp-content\/uploads\/sites\/36\/2023\/01\/Orientaciones-para-autores.pdf\" rel=\"noopener\">Orientaciones para autores<\/a><\/p>\n<\/div>\n<\/div><\/div><div id=\"panel-2-1-1-1\" class=\"so-panel widget widget_sow-editor panel-last-child\" data-index=\"3\" ><div class=\"panel-widget-style panel-widget-style-for-2-1-1-1\" ><div\n\t\t\t\n\t\t\tclass=\"so-widget-sow-editor so-widget-sow-editor-base\"\n\t\t\t\n\t\t>\n<div class=\"siteorigin-widget-tinymce textwidget\">\n\t<p style=\"text-align: center;\"><strong>Informes<\/strong><\/p>\n<p style=\"text-align: center;\"><a href=\"mailto:sergio.corona@anuies.mx\"><strong>sergio.corona@anuies.mx<\/strong><\/a><\/p>\n<p style=\"text-align: center;\"><strong>54204900 ext 1085<\/strong><\/p>\n<\/div>\n<\/div><\/div><\/div><\/div><\/div><\/div>","protected":false},"excerpt":{"rendered":"<p>La Asociaci\u00f3n Nacional de Universidades e Instituciones de Educaci\u00f3n Superior (ANUIES) a trav\u00e9s del Consejo Editorial de la Colecci\u00f3n Editorial<\/p>\n","protected":false},"author":60,"featured_media":0,"parent":0,"menu_order":0,"comment_status":"closed","ping_status":"closed","template":"","meta":{"colormag_page_container_layout":"default_layout","colormag_page_sidebar_layout":"default_layout","footnotes":""},"class_list":["post-2","page","type-page","status-publish","hentry"],"_links":{"self":[{"href":"https:\/\/web.anuies.mx\/convocatorias\/wp-json\/wp\/v2\/pages\/2","targetHints":{"allow":["GET"]}}],"collection":[{"href":"https:\/\/web.anuies.mx\/convocatorias\/wp-json\/wp\/v2\/pages"}],"about":[{"href":"https:\/\/web.anuies.mx\/convocatorias\/wp-json\/wp\/v2\/types\/page"}],"author":[{"embeddable":true,"href":"https:\/\/web.anuies.mx\/convocatorias\/wp-json\/wp\/v2\/users\/60"}],"replies":[{"embeddable":true,"href":"https:\/\/web.anuies.mx\/convocatorias\/wp-json\/wp\/v2\/comments?post=2"}],"version-history":[{"count":27,"href":"https:\/\/web.anuies.mx\/convocatorias\/wp-json\/wp\/v2\/pages\/2\/revisions"}],"predecessor-version":[{"id":70,"href":"https:\/\/web.anuies.mx\/convocatorias\/wp-json\/wp\/v2\/pages\/2\/revisions\/70"}],"wp:attachment":[{"href":"https:\/\/web.anuies.mx\/convocatorias\/wp-json\/wp\/v2\/media?parent=2"}],"curies":[{"name":"wp","href":"https:\/\/api.w.org\/{rel}","templated":true}]}}