{"id":5,"date":"2023-06-14T16:09:44","date_gmt":"2023-06-14T16:09:44","guid":{"rendered":"https:\/\/web.anuies.mx\/construyendoespaciosdepaz\/?page_id=5"},"modified":"2023-11-22T15:20:55","modified_gmt":"2023-11-22T15:20:55","slug":"programa","status":"publish","type":"page","link":"https:\/\/web.anuies.mx\/construyendoespaciosdepaz\/programa\/","title":{"rendered":"Programa"},"content":{"rendered":"<div id=\"pl-5\"  class=\"panel-layout\" ><div id=\"pg-5-0\"  class=\"panel-grid panel-no-style\" ><div id=\"pgc-5-0-0\"  class=\"panel-grid-cell\" ><div id=\"panel-5-0-0-0\" class=\"so-panel widget widget_sow-tabs panel-first-child panel-last-child\" data-index=\"0\" ><div\n\t\t\t\n\t\t\tclass=\"so-widget-sow-tabs so-widget-sow-tabs-default-3771d6927fb9-5\"\n\t\t\t\n\t\t><div class=\"sow-tabs\">\n\t<div class=\"sow-tabs-tab-container\" role=\"tablist\">\n\t\t\t<div\n\t\t\tclass=\"sow-tabs-tab\n\t\t\t sow-tabs-tab-selected\t\t\t\"\n\t\t\trole=\"tab\"\n\t\t\tdata-anchor-id=\"miercoles-22-de-noviembre-2023\"\n\t\t\taria-selected=\"true\"\n\t\t\ttabindex=\"0\"\n\t\t>\n\t\t\t<div class=\"sow-tabs-title sow-tabs-title-icon-left\">\n\t\t\t\t\t\t\t\tMi\u00e9rcoles 22 de noviembre 2023\t\t\t\t\t\t\t<\/div>\n\t\t<\/div>\n\t\t\t<div\n\t\t\tclass=\"sow-tabs-tab\n\t\t\t\t\t\t\"\n\t\t\trole=\"tab\"\n\t\t\tdata-anchor-id=\"jueves-23-de-noviembre-2023\"\n\t\t\taria-selected=\"false\"\n\t\t\ttabindex=\"0\"\n\t\t>\n\t\t\t<div class=\"sow-tabs-title sow-tabs-title-icon-left\">\n\t\t\t\t\t\t\t\tJueves 23 de noviembre 2023\t\t\t\t\t\t\t<\/div>\n\t\t<\/div>\n\t\t\t<div\n\t\t\tclass=\"sow-tabs-tab\n\t\t\t\t\t\t\"\n\t\t\trole=\"tab\"\n\t\t\tdata-anchor-id=\"viernes-24-de-noviembre-2023\"\n\t\t\taria-selected=\"false\"\n\t\t\ttabindex=\"0\"\n\t\t>\n\t\t\t<div class=\"sow-tabs-title sow-tabs-title-icon-left\">\n\t\t\t\t\t\t\t\tViernes 24 de noviembre 2023\t\t\t\t\t\t\t<\/div>\n\t\t<\/div>\n\t\t<\/div>\n\n\t<div class=\"sow-tabs-panel-container\">\n\t\t\t<div class=\"sow-tabs-panel\">\n\t\t\t<div\n\t\t\t\tclass=\"sow-tabs-panel-content\"\n\t\t\t\trole=\"tabpanel\"\n\t\t\t\taria-hidden=\"false\"\n\t\t\t>\n\t\t\t\t<p><strong>Panel (H\u00edbrido)<br \/>\n<\/strong>Sede: Universidad Aut\u00f3noma de Ciudad Ju\u00e1rez<br \/>\nLugar: Sala Jes\u00fas Mac\u00edas del Instituto de Ciencias Sociales y Administraci\u00f3n<br \/>\nUbicaci\u00f3n: <a href=\"https:\/\/maps.app.goo.gl\/KD7DBYy6WM4gfyYR9\" target=\"_blank\" rel=\"noopener\">https:\/\/maps.app.goo.gl\/KD7DBYy6WM4gfyYR9<\/a><br \/>\nTransmisi\u00f3n - Facebook Live UACJ: <a href=\"http:\/\/www.facebook.com\/icsauacjoficial\" target=\"_blank\" rel=\"noopener\">www.facebook.com\/icsauacjoficial<\/a><\/p>\n<table style=\"border-style: solid\" border=\"1\" cellspacing=\"10\" cellpadding=\"10\">\n<tbody>\n<tr style=\"background-color: #e97353\">\n<td style=\"text-align: center\" width=\"174\"><span style=\"color: #ffffff\"><strong>Horario<\/strong><\/span><\/td>\n<td style=\"text-align: center\" width=\"415\"><span style=\"color: #ffffff\"><strong>Actividad<\/strong><\/span><\/td>\n<\/tr>\n<tr>\n<td style=\"text-align: center\" width=\"174\">16:00 \u2013 18:00 horas<\/td>\n<td width=\"415\"><strong>Panel: Transversalidad, difusi\u00f3n y pr\u00e1cticas culturales como estrategias para disminuir la violencia y generar procesos de paz en las IES<\/strong>\n<ul>\n<li>Francisco Gorj\u00f3n G\u00f3mez, Universidad Aut\u00f3noma de Nuevo Le\u00f3n<\/li>\n<li>Grupo Disciplinar: An\u00e1lisis e Interpretaci\u00f3n de Narrativas Discursivas y Cultura de Paz, Universidad Aut\u00f3noma de Chihuahua<\/li>\n<li>Yanelli Lizbeth Orozco T\u00e9llez, Instituto Tecnol\u00f3gico Latinoamericano<\/li>\n<\/ul>\n<p>Moderador: Dr. Servando Pineda Jaimes, Jefe del Departamento de Ciencias Sociales, Universidad Aut\u00f3noma de Ciudad Ju\u00e1rez<\/p>\n<\/td>\n<\/tr>\n<\/tbody>\n<\/table>\n<table style=\"border-style: solid\" border=\"1\" cellspacing=\"10\" cellpadding=\"10\">\n<tbody>\n<tr>\n<td width=\"415\"><strong>C\u00f3ctel de bienvenida<\/strong><\/td>\n<\/tr>\n<\/tbody>\n<\/table>\n<p><strong>C\u00f3ctel de bienvenida<\/strong><br \/>\n<strong>(abierto a todos los asistentes al foro, previo registro<br \/>\n<\/strong>Sede: Universidad Aut\u00f3noma de Ciudad Ju\u00e1rez<br \/>\nLugar: Centro Cultural de la Fronteras<br \/>\nUbicaci\u00f3n: <a href=\"https:\/\/maps.app.goo.gl\/eXCoL5iMAqzevoKZ6\" target=\"_blank\" rel=\"noopener\">https:\/\/maps.app.goo.gl\/eXCoL5iMAqzevoKZ6<\/a><\/p>\n<table style=\"width: 100%\" border=\"1\" width=\"100%\" cellspacing=\"10\" cellpadding=\"10\">\n<tbody>\n<tr style=\"background-color: #e97353\">\n<td style=\"text-align: center\" width=\"174\"><span style=\"color: #ffffff\"><strong>Horario<\/strong><\/span><\/td>\n<td style=\"text-align: center\" width=\"415\"><span style=\"color: #ffffff\"><strong>Actividad<\/strong><\/span><\/td>\n<\/tr>\n<tr>\n<td style=\"text-align: center\" width=\"174\">19:00 \u2013 21:00 horas<\/td>\n<td width=\"415\">Evento informal<\/td>\n<\/tr>\n<\/tbody>\n<\/table>\n\t\t\t<\/div>\n\t\t<\/div>\n\t\t\t<div class=\"sow-tabs-panel\">\n\t\t\t<div\n\t\t\t\tclass=\"sow-tabs-panel-content\"\n\t\t\t\trole=\"tabpanel\"\n\t\t\t\taria-hidden=\"true\"\n\t\t\t>\n\t\t\t\t<p><strong>Foro Nacional (abierto al p\u00fablico en general)<\/strong><br \/>\nSede: Universidad Aut\u00f3noma de Ciudad Ju\u00e1rez<br \/>\nLugar: Centro Cultural Universitario, Teatro Gracia P\u00e1squel<br \/>\nTransmisi\u00f3n - <a href=\"https:\/\/www.facebook.com\/uacjtv?mibextid=2JQ9oc\" target=\"_blank\" rel=\"noopener\">https:\/\/www.facebook.com\/uacjtv?mibextid=2JQ9oc<\/a><br \/>\n<a href=\"https:\/\/youtube.com\/@uacjtv?si=flFj4BOymIToZjua\" target=\"_blank\" rel=\"noopener\">https:\/\/youtube.com\/@uacjtv?si=flFj4BOymIToZjua<\/a><br \/>\n<a href=\"https:\/\/comunica.uacj.mx\/uacj-tv2\" target=\"_blank\" rel=\"noopener\">https:\/\/comunica.uacj.mx\/uacj-tv2<\/a><\/p>\n<table style=\"height: 312px;width: 100%\" border=\"1\" cellspacing=\"10\" cellpadding=\"10\">\n<tbody>\n<tr style=\"background-color: #e97353\">\n<td style=\"text-align: center;height: 24px;width: 30.5894%\" width=\"144\"><span style=\"color: #ffffff\"><strong>Horario<\/strong><\/span><\/td>\n<td style=\"text-align: center;height: 24px;width: 68.6992%\" width=\"328\"><span style=\"color: #ffffff\"><strong>Actividad<\/strong><\/span><\/td>\n<\/tr>\n<tr style=\"height: 48px\">\n<td style=\"height: 48px;text-align: center;width: 30.5894%\" width=\"144\">08:00 \u2013 09:00 horas<\/td>\n<td style=\"height: 48px;width: 68.6992%\" width=\"328\">\u00a0 \u00a0Registro<\/td>\n<\/tr>\n<tr style=\"height: 48px\">\n<td style=\"height: 48px;text-align: center;width: 30.5894%\" width=\"144\">09:00 \u2013 10:00 horas<\/td>\n<td style=\"height: 48px;width: 68.6992%\" width=\"328\"><strong>Inauguraci\u00f3n<\/strong>\n<ul>\n<li style=\"text-align: justify\">Dr. Luciano Concheiro B\u00f3rquez, Subsecretario de Educaci\u00f3n Superior, Secretar\u00eda de Educaci\u00f3n P\u00fablica.<\/li>\n<li style=\"text-align: justify\">Mtro. Juan Ignacio Camargo Nassar, Rector de la Universidad Aut\u00f3noma de Ciudad Ju\u00e1rez.<\/li>\n<li style=\"text-align: justify\">Dr. Luis Armando Gonz\u00e1lez Placencia, Secretario General Ejecutivo de la ANUIES.<\/li>\n<li style=\"text-align: justify\">Mtra. Margarita Cort\u00e9s CID. Coordinadora del Sistema Nacional para la igualdad entre mujeres y hombres, INMUJERES<\/li>\n<li style=\"text-align: justify\">Mtra. Carmen Andrade Lara, Directora de Igualdad de G\u00e9nero de la Universidad de Chile<\/li>\n<li style=\"text-align: justify\">Lic. Cruz P\u00e9rez Cu\u00e9llar, Presidente Municipal de Ju\u00e1rez<\/li>\n<\/ul>\n<\/td>\n<\/tr>\n<tr style=\"height: 24px\">\n<td style=\"height: 24px;text-align: center;width: 30.5894%\" width=\"144\">10:00 \u2013 11:00 horas<\/td>\n<td style=\"height: 24px;width: 68.6992%\" width=\"328\"><strong>Conferencia Magistral: La igualdad sustantiva como elemento clave para la prevenci\u00f3n y eliminaci\u00f3n de las violencias<\/strong>\n<ul>\n<li>Mtra. Margarita Cort\u00e9s Cid, Coordinadora del Sistema Nacional para la igualdad entre mujeres y hombres, INMUJERES<\/li>\n<\/ul>\n<\/td>\n<\/tr>\n<tr style=\"height: 48px\">\n<td style=\"height: 48px;text-align: center;width: 30.5894%\" width=\"144\">11:00 \u2013 11:50 horas<\/td>\n<td style=\"height: 48px;width: 68.6992%\" width=\"328\"><strong>Conversatorio: El impacto de las certificaciones y los sellos de igualdad de g\u00e9nero en las Instituciones<\/strong>\n<ul>\n<li style=\"text-align: justify\">Dr. Mauricio Sald\u00edvar Lara, Secretario Ejecutivo del Comit\u00e9 de \u00c9tica y Consejero de la Universidad Pedag\u00f3gica Nacional.<\/li>\n<li style=\"text-align: justify\">Mtra. Carmen Andrade Lara, Directora de Igualdad de G\u00e9nero de la Universidad de Chile<\/li>\n<li style=\"text-align: justify\">Sra. Ivonne Urriola P\u00e9rez, Oficial de G\u00e9nero y Desarrollo del Programa de las Naciones Unidas para el Desarrollo, en Am\u00e9rica Latina y el Caribe (PNUD Regional)<\/li>\n<\/ul>\n<p>Moderador: Mtro. Luis Alberto Fierro Ram\u00edrez, Coordinador General de Fortalecimiento Acad\u00e9mico e Institucional, ANUIES<\/p>\n<\/td>\n<\/tr>\n<tr style=\"height: 24px\">\n<td style=\"height: 24px;text-align: center;width: 30.5894%\" width=\"144\">11:50 \u2013 12:05 horas<\/td>\n<td style=\"height: 24px;width: 68.6992%\" width=\"328\">Presentaci\u00f3n Santander<\/td>\n<\/tr>\n<tr>\n<td style=\"text-align: center;width: 30.5894%\">12:05 \u2013 12:20 horas<\/td>\n<td style=\"width: 68.6992%\">Receso<\/td>\n<\/tr>\n<tr style=\"height: 24px\">\n<td style=\"height: 24px;text-align: center;width: 30.5894%\" width=\"144\">12:20 \u2013 13:35 horas<\/td>\n<td style=\"height: 24px;width: 68.6992%\" width=\"328\"><strong>Conversatorio: Erradicaci\u00f3n de las Violencias de G\u00e9nero Desde Perspectivas Interseccionales<\/strong>\n<ul>\n<li style=\"text-align: justify\">Sr. Ignacio Lopez Vergara Newton. Jefe de oficina de Ciudad Ju\u00e1rez del Fondo de las Naciones Unidas para la Infancia (UNICEF)<\/li>\n<li style=\"text-align: justify\">Sr. Humberto Soto De la Rosa, Oficial de Asuntos Sociales de la Comisi\u00f3n Econ\u00f3mica para Am\u00e9rica Latina y el Caribe (CEPAL)<\/li>\n<li style=\"text-align: justify\">Lic. Marian Quintana, Titular en el Estado de Chihuahua de la Comisi\u00f3n Ejecutiva de Atenci\u00f3n a V\u00edctimas del Gobierno de M\u00e9xico (CEAV)<\/li>\n<li style=\"text-align: justify\">Sra. Sol S\u00e1nchez. Oficial Nacional de G\u00e9nero - PNUD M\u00e9xico<\/li>\n<\/ul>\n<p style=\"text-align: justify\">Moderador: Mtro. Enrique Ku Gonz\u00e1lez, Coordinador Sectorial de Movilidad y Cooperaci\u00f3n Acad\u00e9mica en Educaci\u00f3n Superior, Secretar\u00eda de Educaci\u00f3n P\u00fablica<\/p>\n<\/td>\n<\/tr>\n<tr>\n<td style=\"width: 30.5894%\" width=\"151\">\n<p style=\"text-align: center\">13:35 \u2013 14:30 horas<\/p>\n<\/td>\n<td style=\"height: 24px;width: 68.6992%\" width=\"328\">Comida<\/td>\n<\/tr>\n<tr style=\"height: 24px\">\n<td style=\"height: 24px;text-align: center;width: 30.5894%\" width=\"144\">14:30 \u2013 15:30 horas<\/td>\n<td style=\"height: 24px;width: 68.6992%\" width=\"328\"><strong>Panel: Experiencias, retos y aprendizajes sobre algunas propuestas para la igualdad de g\u00e9nero y el trabajo de paz en las IES<\/strong>\n<ul>\n<li style=\"text-align: justify\">Dra. Yessica Martinez Soto. Titular de la Unidad de G\u00e9nero, Diversidad e Inclusi\u00f3n Educativa. Universidad Aut\u00f3noma de Baja California<\/li>\n<li style=\"text-align: justify\">Mtra. Sof\u00eda Margarita Garza Guill\u00e9n. Coordinaci\u00f3n por la dignidad Humana. Universidad La Salle y Maestra Adriana Alf\u00e9rez \u00c1lvarez<\/li>\n<li style=\"text-align: justify\">Dra. Karla Elia Mosqueira Valencia. Coordinadora de Institucionalizaci\u00f3n y Transversalizaci\u00f3n, Direcci\u00f3n de Igualdad de G\u00e9nero y No Discriminaci\u00f3n. Universidad Aut\u00f3noma de Quer\u00e9taro<\/li>\n<li style=\"text-align: justify\">Dra. Laura Wendy Zazueta Carrillo. Coordinadora de la Unidad de Prevenci\u00f3n y Atenci\u00f3n de G\u00e9nero. Universidad Ju\u00e1rez del Estado de Durango<\/li>\n<li style=\"text-align: justify\">Mtra. Mar\u00eda de Jes\u00fas Hern\u00e1ndez Quezada. Docente del \u00c1rea del CEA y Coordinadora Institucional de Clubes por la Paz. Tecnol\u00f3gico de Matamoros.<\/li>\n<\/ul>\n<p style=\"text-align: justify\">Moderaci\u00f3n: Mtra. Sarai Garc\u00eda Espinoza, Maestra Investigadora de la Universidad Aut\u00f3noma de Ciudad Ju\u00e1rez<\/p>\n<\/td>\n<\/tr>\n<tr style=\"height: 24px\">\n<td style=\"height: 24px;text-align: center;width: 30.5894%\" width=\"144\">15:30 \u2013 18:30 horas<\/td>\n<td style=\"height: 24px;width: 68.6992%\" width=\"328\"><strong>Di\u00e1logos sobre buenas pr\u00e1cticas en las IES: Experiencias de implementaci\u00f3n<\/strong>\n<p style=\"text-align: justify\">15:30 \u2013 15:50 horas - Dra. Silvia L\u00f3pez Estrada y Dra. Lydia Ojeda Nuevo. Investigadoras. Red Nacional de Instituciones de Educaci\u00f3n Superior Caminos por la Igualdad. (RENIES). \u201cDiagn\u00f3stico de las unidades de g\u00e9nero\u201d.<\/p>\n<p>15:50 \u2013 16:10 horas - Lic. Antonio P\u00e9rez Reyes. Sub-defensor de Derechos Polit\u00e9cnicos. Instituto Polit\u00e9cnico Nacional. \u201cTablero de Defensor\u00eda de Derechos Humanos\u201d<\/p>\n<p>16:10 \u2013 16:30 horas - Lic. Anabel Ojeda Guti\u00e9rrez. Coordinadora de la Unidad de G\u00e9nero. Universidad Veracruzana. \u201cEstrategia interdependencias para atender casos de violencia de g\u00e9nero\u201d<\/p>\n<p>16:30 \u2013 16:50 horas \u2013 Mtra. Patricia Adriana Amador Islas. Titular de la Unidad de Igualdad de G\u00e9nero e Inclusi\u00f3n. Universidad Pedag\u00f3gica Nacional. \u201cDise\u00f1o e implementaci\u00f3n del Protocolo para la prevenci\u00f3n, atenci\u00f3n y sanci\u00f3n del hostigamiento sexual y acoso sexual\u201d<\/p>\n<p>16:50 \u2013 17:10 - Dra. Leticia Janet Paredes Guerrero. Responsable del Programa Institucional de Igualdad de G\u00e9nero Universidad Aut\u00f3noma de Yucat\u00e1n. \u201cTransversalizaci\u00f3n de la perspectiva de g\u00e9nero y su\u00a0 impacto en la no violencia\u201d<\/p>\n<p>17:10 \u2013 17:30 horas \u2013 Dra. Nithia Castorena S\u00e1enz. Coordinadora de la C\u00e1tedra UNESCO de Construcci\u00f3n de ciudadan\u00eda activa para la paz en el Norte de M\u00e9xico. Universidad Aut\u00f3noma de Chihuahua. \u201cLa c\u00e1tedra UNESCO de Construcci\u00f3n de ciudadan\u00eda activa para la paz\u201d.<\/p>\n<p>17:30 \u2013 17:50 horas - Mtra. Karen Deyanira Roman Martinez. Estudiante-Investigadora. Universidad Aut\u00f3noma de Nuevo L\u00e9on. \u201cEstudio de prevenci\u00f3n de violencia de g\u00e9nero\u201d<\/p>\n<p>17:50 \u2013 18:10 horas - Dra. Mayra Gonz\u00e1lez Flores. Directora del Centro Universitario para la Igualdad y los Estudios de G\u00e9nero. Universidad de Colima. \u201cImplementaci\u00f3n del Protocolo para la atenci\u00f3n integral de la violencia de g\u00e9nero\u201d<\/p>\n<p>18:10 \u2013 18:30 horas \u2013 Dra. Elsa Patricia Hern\u00e1ndez Hern\u00e1ndez. Profesora-Investigadora. Universidad Aut\u00f3noma de Ciudad Ju\u00e1rez \u201cProtocolo de Prevenci\u00f3n, Atenci\u00f3n y Sanci\u00f3n del Hostigamiento y Acoso Sexual\u201d Moderaci\u00f3n: Dra Rosalba Robles Ortega, Maestra Investigadora de la Universidad Aut\u00f3noma de Ciudad Ju\u00e1rez<\/p>\n<\/td>\n<\/tr>\n<\/tbody>\n<\/table>\n<p>&nbsp;<\/p>\n\t\t\t<\/div>\n\t\t<\/div>\n\t\t\t<div class=\"sow-tabs-panel\">\n\t\t\t<div\n\t\t\t\tclass=\"sow-tabs-panel-content\"\n\t\t\t\trole=\"tabpanel\"\n\t\t\t\taria-hidden=\"true\"\n\t\t\t>\n\t\t\t\t<p><strong>Foro Nacional y Cocina C\u00edvica (abierto al p\u00fablico en general)<\/strong><br \/>\nSede: Universidad Aut\u00f3noma de Ciudad Ju\u00e1rez<br \/>\nLugar: Centro Cultural Universitario, Teatro Gracia P\u00e1squel<br \/>\nTransmisi\u00f3n - https:\/\/www.facebook.com\/uacjtv?mibextid=2JQ9oc<br \/>\nhttps:\/\/youtube.com\/@uacjtv?si=flFj4BOymIToZjua<br \/>\nhttps:\/\/comunica.uacj.mx\/uacj-tv2<\/p>\n<p>&nbsp;<\/p>\n<table style=\"width: 100%\" border=\"1\" cellspacing=\"10\" cellpadding=\"10\">\n<tbody>\n<tr style=\"background-color: #e97353\">\n<td style=\"text-align: center;width: 26.8696%\" width=\"145\"><span style=\"color: #ffffff\"><strong>Horario<\/strong><\/span><\/td>\n<td style=\"text-align: center;width: 70.3478%\" width=\"327\"><span style=\"color: #ffffff\"><strong>Actividad<\/strong><\/span><\/td>\n<\/tr>\n<tr>\n<td style=\"text-align: center;width: 26.8696%\">09:30 - 10:00 horas<\/td>\n<td style=\"width: 70.3478%\"><strong>Ponencia: \u201cCerrando el ciclo de la violencia, reconstruyendo proyectos de vida\u201d<\/strong>\n<p>Mtro. Michael Chamberlain, Consultora Solidaria<\/p><\/td>\n<\/tr>\n<tr>\n<td style=\"text-align: center;width: 26.8696%\" width=\"145\">10:00 \u2013 10:30 horas<\/td>\n<td style=\"width: 70.3478%\" width=\"327\"><strong>Ponencia: \"Construcci\u00f3n de Culturas Educativas Restaurativas y Transformativas para prevenir y atender la violencia por raz\u00f3n de g\u00e9nero y otras formas de opresi\u00f3n\"<\/strong>\n<p>Lic. Katia Ornelas, Ornelas Consulting<\/p><\/td>\n<\/tr>\n<tr>\n<td style=\"text-align: center;width: 26.8696%\" width=\"145\">10:30 \u2013 11:00 horas<\/td>\n<td style=\"width: 70.3478%\" width=\"327\"><strong>Ponencia: \"Paz y violencias en M\u00e9xico: de la medici\u00f3n a la acci\u00f3n\"<\/strong>\n<p>Mtro. Carlos Ju\u00e1rez Cruz - Director del Instituto de Econom\u00eda y Paz<\/p><\/td>\n<\/tr>\n<tr>\n<td style=\"text-align: center;width: 26.8696%\">11:00 \u2013 11:30 horas<\/td>\n<td style=\"width: 70.3478%\"><strong>Ponencia: Experiencias<\/strong>\n<p>Dra. In\u00e9s S\u00e1enz - Vicepresidenta de inclusi\u00f3n, impacto social, y sostenibilidad, Tecnol\u00f3gico de Monterrey<\/p><\/td>\n<\/tr>\n<tr>\n<td style=\"text-align: center;width: 26.8696%\" width=\"145\">11:30 \u2013 12:30 horas<\/td>\n<td style=\"width: 70.3478%\" width=\"327\"><strong>Presentaci\u00f3n de resultados de la Cocina C\u00edvica<\/strong><\/td>\n<\/tr>\n<tr>\n<td style=\"text-align: center;width: 26.8696%\" width=\"145\">12:30 \u2013 13:00 horas<\/td>\n<td style=\"width: 70.3478%\" width=\"415\"><strong>Premiaci\u00f3n Concurso Fotograf\u00eda de la UACJ<\/strong><\/td>\n<\/tr>\n<tr>\n<td style=\"text-align: center;width: 26.8696%\" width=\"145\">13:00 \u2013 13:30 horas<\/td>\n<td style=\"width: 70.3478%\" width=\"327\"><strong>Cierre y Clausura<\/strong><\/td>\n<\/tr>\n<\/tbody>\n<\/table>\n\t\t\t<\/div>\n\t\t<\/div>\n\t\t<\/div>\n<\/div>\n<\/div><\/div><\/div><\/div><\/div>","protected":false},"excerpt":{"rendered":"<p>Mi\u00e9rcoles 22 de noviembre 2023 Jueves 23 de noviembre 2023 Viernes 24 de noviembre 2023 Panel (H\u00edbrido) Sede: Universidad Aut\u00f3noma &hellip; <\/p>\n","protected":false},"author":1,"featured_media":0,"parent":0,"menu_order":0,"comment_status":"closed","ping_status":"closed","template":"","meta":{"footnotes":""},"class_list":["post-5","page","type-page","status-publish","hentry"],"_links":{"self":[{"href":"https:\/\/web.anuies.mx\/construyendoespaciosdepaz\/wp-json\/wp\/v2\/pages\/5","targetHints":{"allow":["GET"]}}],"collection":[{"href":"https:\/\/web.anuies.mx\/construyendoespaciosdepaz\/wp-json\/wp\/v2\/pages"}],"about":[{"href":"https:\/\/web.anuies.mx\/construyendoespaciosdepaz\/wp-json\/wp\/v2\/types\/page"}],"author":[{"embeddable":true,"href":"https:\/\/web.anuies.mx\/construyendoespaciosdepaz\/wp-json\/wp\/v2\/users\/1"}],"replies":[{"embeddable":true,"href":"https:\/\/web.anuies.mx\/construyendoespaciosdepaz\/wp-json\/wp\/v2\/comments?post=5"}],"version-history":[{"count":61,"href":"https:\/\/web.anuies.mx\/construyendoespaciosdepaz\/wp-json\/wp\/v2\/pages\/5\/revisions"}],"predecessor-version":[{"id":227,"href":"https:\/\/web.anuies.mx\/construyendoespaciosdepaz\/wp-json\/wp\/v2\/pages\/5\/revisions\/227"}],"wp:attachment":[{"href":"https:\/\/web.anuies.mx\/construyendoespaciosdepaz\/wp-json\/wp\/v2\/media?parent=5"}],"curies":[{"name":"wp","href":"https:\/\/api.w.org\/{rel}","templated":true}]}}