{"id":82,"date":"2024-08-27T22:32:10","date_gmt":"2024-08-28T04:32:10","guid":{"rendered":"https:\/\/web.anuies.mx\/compromiso-comun-2030\/?page_id=82"},"modified":"2024-08-27T22:35:42","modified_gmt":"2024-08-28T04:35:42","slug":"admin_ve","status":"publish","type":"page","link":"https:\/\/web.anuies.mx\/compromiso-comun-2030\/admin_ve\/","title":{"rendered":"admin_ve"},"content":{"rendered":"<h1 style=\"text-align: center;\">Estad\u00edsticas de descargas (Versi\u00f3n extensa)<\/h1>\n<p style=\"text-align: right;\"><a class=\"fasc-button fasc-size-medium fasc-type-flat fasc-rounded-medium\" style=\"background-color: #33809e; color: #ffffff;\" href=\"https:\/\/web.anuies.mx\/compromiso-comun-2030\/admin\/\">Versi\u00f3n ejecutiva<\/a><\/p>\n<hr>\n\n<hr>\n<p>&nbsp;<\/p>\n","protected":false},"excerpt":{"rendered":"<p>Estad\u00edsticas de descargas (Versi\u00f3n extensa) Versi\u00f3n ejecutiva &nbsp;<\/p>\n","protected":false},"author":1,"featured_media":0,"parent":0,"menu_order":0,"comment_status":"closed","ping_status":"closed","template":"","meta":{"footnotes":""},"class_list":["post-82","page","type-page","status-publish","hentry"],"_links":{"self":[{"href":"https:\/\/web.anuies.mx\/compromiso-comun-2030\/wp-json\/wp\/v2\/pages\/82","targetHints":{"allow":["GET"]}}],"collection":[{"href":"https:\/\/web.anuies.mx\/compromiso-comun-2030\/wp-json\/wp\/v2\/pages"}],"about":[{"href":"https:\/\/web.anuies.mx\/compromiso-comun-2030\/wp-json\/wp\/v2\/types\/page"}],"author":[{"embeddable":true,"href":"https:\/\/web.anuies.mx\/compromiso-comun-2030\/wp-json\/wp\/v2\/users\/1"}],"replies":[{"embeddable":true,"href":"https:\/\/web.anuies.mx\/compromiso-comun-2030\/wp-json\/wp\/v2\/comments?post=82"}],"version-history":[{"count":3,"href":"https:\/\/web.anuies.mx\/compromiso-comun-2030\/wp-json\/wp\/v2\/pages\/82\/revisions"}],"predecessor-version":[{"id":87,"href":"https:\/\/web.anuies.mx\/compromiso-comun-2030\/wp-json\/wp\/v2\/pages\/82\/revisions\/87"}],"wp:attachment":[{"href":"https:\/\/web.anuies.mx\/compromiso-comun-2030\/wp-json\/wp\/v2\/media?parent=82"}],"curies":[{"name":"wp","href":"https:\/\/api.w.org\/{rel}","templated":true}]}}